{"id":430,"date":"2021-08-25T13:18:23","date_gmt":"2021-08-25T13:18:23","guid":{"rendered":"https:\/\/webdome.at\/sojus-1\/?page_id=430"},"modified":"2024-10-08T06:07:21","modified_gmt":"2024-10-08T06:07:21","slug":"impressum","status":"publish","type":"page","link":"https:\/\/gletscha.at\/index.php\/impressum\/","title":{"rendered":"Impressum"},"content":{"rendered":"\t\t<div data-elementor-type=\"wp-page\" data-elementor-id=\"430\" class=\"elementor elementor-430\" data-elementor-post-type=\"page\">\n\t\t\t\t\t\t<section data-particle_enable=\"false\" data-particle-mobile-disabled=\"false\" class=\"elementor-section elementor-top-section elementor-element elementor-element-ff91040 elementor-section-boxed elementor-section-height-default elementor-section-height-default\" data-id=\"ff91040\" data-element_type=\"section\">\n\t\t\t\t\t\t<div class=\"elementor-container elementor-column-gap-default\">\n\t\t\t\t\t<div class=\"elementor-column elementor-col-100 elementor-top-column elementor-element elementor-element-e4236ea\" data-id=\"e4236ea\" data-element_type=\"column\">\n\t\t\t<div class=\"elementor-widget-wrap elementor-element-populated\">\n\t\t\t\t\t\t<div class=\"elementor-element elementor-element-f21319d elementor-widget elementor-widget-heading\" data-id=\"f21319d\" data-element_type=\"widget\" data-widget_type=\"heading.default\">\n\t\t\t\t<div class=\"elementor-widget-container\">\n\t\t\t<h1 class=\"elementor-heading-title elementor-size-default\">Impressum<\/h1>\t\t<\/div>\n\t\t\t\t<\/div>\n\t\t\t\t<div class=\"elementor-element elementor-element-59cd8c9 elementor-widget elementor-widget-text-editor\" data-id=\"59cd8c9\" data-element_type=\"widget\" data-widget_type=\"text-editor.default\">\n\t\t\t\t<div class=\"elementor-widget-container\">\n\t\t\t\t\t\t\t<div data-id=\"67d9827\" data-element_type=\"widget\" data-widget_type=\"wp-widget-text.default\"><div><div><p>\u00a0<\/p><p>Gletscha engineering e.U.<br \/>Vertretungsberechtigte Persone: DI Reinhard Ferner<br \/>M\u00fchlen 25<br \/><span style=\"color: black; font-size: 1rem;\">8822 M\u00fchlen<\/span><\/p><p><span style=\"color: black; mso-ligatures: none; mso-fareast-language: DE-AT;\">Tel.: +43\u00a0660 34 63\u00a0816<\/span><\/p><p>\u00a0<\/p><p><span style=\"color: black; mso-ligatures: none; mso-fareast-language: DE-AT;\">UID: ATU 71898119<br \/>Landesgericht: Leoben<\/span><\/p><\/div><\/div><\/div><div data-id=\"bebf734\" data-element_type=\"widget\" data-widget_type=\"spacer.default\"><div><div><div>\u00a0<\/div><\/div><\/div><\/div><div data-id=\"0cc6d82\" data-element_type=\"widget\" data-widget_type=\"wp-widget-text.default\"><div><div><p>Haftungsausschluss: Der Autor \u00fcbernimmt keinerlei Gew\u00e4hr hinsichtlich der inhaltlichen Richtigkeit, Genauigkeit, Aktualit\u00e4t, Zuverl\u00e4ssigkeit und Vollst\u00e4ndigkeit der Informationen. Haftungsanspr\u00fcche gegen den Autor wegen Sch\u00e4den materieller oder immaterieller Art, welche aus dem Zugriff oder der Nutzung bzw. Nichtnutzung der ver\u00f6ffentlichten Informationen, durch Missbrauch der Verbindung oder durch technische St\u00f6rungen entstanden sind, werden ausgeschlossen. Alle Angebote sind unverbindlich. Der Autor beh\u00e4lt es sich ausdr\u00fccklich vor, Teile der Seiten oder das gesamte Angebot ohne gesonderte Ank\u00fcndigung zu ver\u00e4ndern, zu erg\u00e4nzen, zu l\u00f6schen oder die Ver\u00f6ffentlichung zeitweise oder endg\u00fcltig einzustellen.<\/p><p>Haftung f\u00fcr Links: Verweise und Links auf Webseiten Dritter liegen au\u00dferhalb unseres Verantwortungsbereichs Es wird jegliche Verantwortung f\u00fcr solche Webseiten abgelehnt. Der Zugriff und die Nutzung solcher Webseiten erfolgen auf eigene Gefahr des Nutzers oder der Nutzerin.<\/p><p>Urheberrechte: Die Urheber- und alle anderen Rechte an Inhalten, Bildern, Fotos oder anderen Dateien auf der Website geh\u00f6ren ausschlie\u00dflich\u00a0der oben genannten Firma oder den speziell genannten Rechtsinhabern. F\u00fcr die Reproduktion jeglicher Elemente ist die schriftliche Zustimmung der Urheberrechtstr\u00e4ger im Voraus einzuholen.<\/p><\/div><\/div><\/div>\t\t\t\t\t\t<\/div>\n\t\t\t\t<\/div>\n\t\t\t\t\t<\/div>\n\t\t<\/div>\n\t\t\t\t\t<\/div>\n\t\t<\/section>\n\t\t\t\t<\/div>\n\t\t","protected":false},"excerpt":{"rendered":"<p>Impressum \u00a0 Gletscha engineering e.U.Vertretungsberechtigte Persone: DI Reinhard FernerM\u00fchlen 258822 M\u00fchlen Tel.: +43\u00a0660 34 63\u00a0816 \u00a0 UID: ATU 71898119Landesgericht: Leoben \u00a0 Haftungsausschluss: Der Autor \u00fcbernimmt keinerlei Gew\u00e4hr hinsichtlich der inhaltlichen Richtigkeit, Genauigkeit, Aktualit\u00e4t, Zuverl\u00e4ssigkeit und Vollst\u00e4ndigkeit der Informationen. Haftungsanspr\u00fcche gegen den Autor wegen Sch\u00e4den materieller oder immaterieller Art, welche aus dem Zugriff oder der Nutzung [&hellip;]<\/p>\n","protected":false},"author":1,"featured_media":0,"parent":0,"menu_order":0,"comment_status":"closed","ping_status":"closed","template":"","meta":{"footnotes":""},"class_list":["post-430","page","type-page","status-publish","hentry"],"_links":{"self":[{"href":"https:\/\/gletscha.at\/index.php\/wp-json\/wp\/v2\/pages\/430","targetHints":{"allow":["GET"]}}],"collection":[{"href":"https:\/\/gletscha.at\/index.php\/wp-json\/wp\/v2\/pages"}],"about":[{"href":"https:\/\/gletscha.at\/index.php\/wp-json\/wp\/v2\/types\/page"}],"author":[{"embeddable":true,"href":"https:\/\/gletscha.at\/index.php\/wp-json\/wp\/v2\/users\/1"}],"replies":[{"embeddable":true,"href":"https:\/\/gletscha.at\/index.php\/wp-json\/wp\/v2\/comments?post=430"}],"version-history":[{"count":10,"href":"https:\/\/gletscha.at\/index.php\/wp-json\/wp\/v2\/pages\/430\/revisions"}],"predecessor-version":[{"id":497,"href":"https:\/\/gletscha.at\/index.php\/wp-json\/wp\/v2\/pages\/430\/revisions\/497"}],"wp:attachment":[{"href":"https:\/\/gletscha.at\/index.php\/wp-json\/wp\/v2\/media?parent=430"}],"curies":[{"name":"wp","href":"https:\/\/api.w.org\/{rel}","templated":true}]}}